{"id":183,"date":"2022-12-03T18:20:00","date_gmt":"2022-12-03T23:20:00","guid":{"rendered":"http:\/\/demo.themegrill.com\/colormag\/?page_id=183"},"modified":"2022-12-05T01:32:28","modified_gmt":"2022-12-05T06:32:28","slug":"servicios","status":"publish","type":"page","link":"https:\/\/strategyintelgroup.com.mx\/site\/servicios\/","title":{"rendered":"SERVICIOS"},"content":{"rendered":"<p><span style=\"color: inherit; font-size: 38px; background-color: #ffffff;\">GESTI\u00d3N DE RIESGO<\/span><\/p>\n<div class=\"content-item aos-init aos-animate\" data-aos=\"fade-up\">\n<p class=\"text mb-2\">Es un enfoque estructurado para manejar la incertidumbre relativa a una amenaza, a trav\u00e9s de una secuencia de actividades que incluyen evaluaci\u00f3n de riesgo, estrategias de desarrollo para manejarlo y mitigaci\u00f3n del riesgo utilizando recursos gerenciales o directivas.<\/p>\n<p class=\"text mb-2\">Puede referirse a numerosos tipos de amenazas causadas por el medio ambiente, la tecnolog\u00eda, factores humanos, organizaciones sociales y pol\u00edtica.<\/p>\n<p class=\"text mb-2\">Por otro lado, involucra todos los recursos disponibles, en particular, por una entidad de manejo de riesgos (persona, staff, organizaci\u00f3n).<\/p>\n<h4 class=\"text-bold\">Puntos clave:<\/h4>\n<ul class=\"list list-inside\">\n<li class=\"list-item\">\n<p class=\"text\">Identificaci\u00f3n del riesgo<\/p>\n<\/li>\n<li class=\"list-item\">\n<p class=\"text\">An\u00e1lisis de riesgo<\/p>\n<\/li>\n<li class=\"list-item\">\n<p class=\"text\">Coberturas<\/p>\n<\/li>\n<li class=\"list-item\">\n<p class=\"text\">Seguimiento<\/p>\n<\/li>\n<li class=\"list-item\">\n<p class=\"text\">Ejecuci\u00f3n<\/p>\n<\/li>\n<li class=\"list-item\">\n<p class=\"text\">Control<\/p>\n<\/li>\n<\/ul>\n<\/div>\n<div class=\"content-item aos-init\" data-aos=\"fade-up\">\n<h2 class=\"subtitle\">MANEJO DE CRISIS CORPORATIVA<\/h2>\n<p class=\"text mb-2\">Es el proceso mediante el cual una organizaci\u00f3n enfrenta un acontecimiento de importancia que genera da\u00f1os en tiempo presente y real. Consiste en las habilidades t\u00e9cnicas requeridas para identificar, evaluar, entender y soportar una situaci\u00f3n seria, especialmente desde el primer momento en que ocurre al punto donde se inician los procedimientos de recuperaci\u00f3n.<\/p>\n<\/div>\n<div class=\"content-item aos-init\" data-aos=\"fade-up\">\n<h2 class=\"subtitle\">INTELIGENCIA<\/h2>\n<p class=\"text mb-2\">Es la informaci\u00f3n especializada que tiene como prop\u00f3sito aportar insumos a los procesos de toma de decisiones relacionados con el dise\u00f1o y ejecuci\u00f3n de la estrategia, sus probabilidades de ocurrencia e impacto, las variables que los componen y la realizaci\u00f3n causal entre las mismas. Uno de los principales rasgos de la inteligencia es la confidencialidad, ya que contempla mecanismos para reservar informaci\u00f3n que pueda comprometer la seguridad.<\/p>\n<p class=\"text\">Aporta la informaci\u00f3n estrat\u00e9gica para la ejecuci\u00f3n de acciones, la elaboraci\u00f3n de estrategias y el dise\u00f1o de pol\u00edticas p\u00fablicas que permitan disuadir, contener y neutralizar riesgos y amenazas a la seguridad en la empresa y sus empleados.<\/p>\n<\/div>\n<div class=\"content-item aos-init\" data-aos=\"fade-up\">\n<h2 class=\"subtitle\">CONTRA INTELIGENCIA<\/h2>\n<p class=\"text mb-2\">Esla actividad de evitar que adversarios obtengan informaci\u00f3n reservada o confidencial, tales como la clasificaci\u00f3n y el control cuidadoso de informaci\u00f3n sensible de las empresas y sus empleados. Se puede utilizar para investigar a las organizaciones hostiles tales como grupos subversivos, empresas competidoras, activismo social, agentes infiltrados por la delincuencia o hacer que cesen sus actividades.<\/p>\n<p class=\"text\">Las actividades de la contra vigilancia o contra inteligencia ocurren no solo entre los gobiernos, tambi\u00e9n entre las industrias.<\/p>\n<\/div>\n<div class=\"content-item aos-init\" data-aos=\"fade-up\">\n<h2 class=\"subtitle\">INVESTIGACIONES<\/h2>\n<p class=\"text\">Dirige los sistemas de recopilaci\u00f3n, clasificaci\u00f3n, registro y explotaci\u00f3n de informaci\u00f3n que puedan generar l\u00edneas de investigaci\u00f3n para prevenir que nuestros clientes sean v\u00edctimas de la delincuencia, re\u00fane informaci\u00f3n que pueda ser \u00fatil para acreditar que se ha cometido un delito, dicha informaci\u00f3n tiene dos procesos paralelos para ser sometida.<\/p>\n<\/div>\n<div class=\"content-item aos-init\" data-aos=\"fade-up\">\n<h2 class=\"subtitle\">INVESTIGACI\u00d3N DE GABINETE<\/h2>\n<ul class=\"list\">\n<li class=\"list-item\">\n<p class=\"text\"><span class=\"text-bold\">Fuentes cerradas:<\/span>&nbsp;Datos oficiales de personas y empresas, como registros de domicilios, veh\u00edculos, comunicaci\u00f3n, datos bancarios, etc.<\/p>\n<\/li>\n<li class=\"list-item\">\n<p class=\"text\"><span class=\"text-bold\">Open Source Intelligence:<\/span>Medios de comunicaci\u00f3n; Internet, redes sociales, datos, literatura gris, etc.<\/p>\n<\/li>\n<\/ul>\n<\/div>\n<div class=\"content-item aos-init\" data-aos=\"fade-up\">\n<h2 class=\"subtitle\">INVESTIGACIONES DE CAMPO<\/h2>\n<p class=\"text\">Consiste en un quipo profesional de investigadores para realizar seguimientos, coberturas, infiltraci\u00f3n, etc.<\/p>\n<\/div>\n<div class=\"content-item aos-init\" data-aos=\"fade-up\">\n<h2 class=\"subtitle\">ANTICIPACI\u00d3N ESTRAT\u00c9GICA<\/h2>\n<p class=\"text\"><span class=\"text-bold\">Estrat\u00e9gica:<\/span>&nbsp;Es la capacidad para gestionar riesgos y buscar oportunidades futuras. Se basa en procesos de anal\u00edtica anticipativa, vigilancia estrat\u00e9gica y gesti\u00f3n del riesgo para lograr sus resultados. A su vez, las 3 actividades fundamentales de la anal\u00edtica anticipativa son: explorar, ingeniar y monitorear el futuro, permitiendo a los decidores personales, corporativos y organizacionales, cumplir sus objetivos.<\/p>\n<p class=\"text\"><span class=\"text-bold\">Usamos los softwares:<\/span>&nbsp;Aquiles, Hannibaal y Alexandros, de creaci\u00f3n propia para la realizaci\u00f3n de las actividades de anal\u00edtica, con patentes internacionales para su uso.<\/p>\n<p><a class=\"content-link\" href=\"http:\/\/www.hannibaal.com\/\" target=\"_blank\" rel=\"noopener noreferrer\">P\u00e1gina de anticipaci\u00f3n estrat\u00e9gica<\/a><\/p>\n<\/div>\n","protected":false},"excerpt":{"rendered":"<p>GESTI\u00d3N DE RIESGO Es un enfoque estructurado para manejar la incertidumbre relativa a una amenaza, a trav\u00e9s de una secuencia<\/p>\n","protected":false},"author":1,"featured_media":0,"parent":0,"menu_order":0,"comment_status":"closed","ping_status":"open","template":"","meta":{"colormag_page_layout":"default_layout","footnotes":""},"class_list":["post-183","page","type-page","status-publish","hentry"],"yoast_head":"<!-- This site is optimized with the Yoast SEO plugin v19.1 - https:\/\/yoast.com\/wordpress\/plugins\/seo\/ -->\n<title>SERVICIOS - StrategyIntelGroup<\/title>\n<meta name=\"robots\" content=\"index, follow, max-snippet:-1, max-image-preview:large, max-video-preview:-1\" \/>\n<link rel=\"canonical\" href=\"https:\/\/strategyintelgroup.com.mx\/site\/servicios\/\" \/>\n<meta property=\"og:locale\" content=\"es_ES\" \/>\n<meta property=\"og:type\" content=\"article\" \/>\n<meta property=\"og:title\" content=\"SERVICIOS - StrategyIntelGroup\" \/>\n<meta property=\"og:description\" content=\"GESTI\u00d3N DE RIESGO Es un enfoque estructurado para manejar la incertidumbre relativa a una amenaza, a trav\u00e9s de una secuencia\" \/>\n<meta property=\"og:url\" content=\"https:\/\/strategyintelgroup.com.mx\/site\/servicios\/\" \/>\n<meta property=\"og:site_name\" content=\"StrategyIntelGroup\" \/>\n<meta property=\"article:modified_time\" content=\"2022-12-05T06:32:28+00:00\" \/>\n<meta name=\"twitter:card\" content=\"summary_large_image\" \/>\n<meta name=\"twitter:label1\" content=\"Tiempo de lectura\" \/>\n\t<meta name=\"twitter:data1\" content=\"3 minutos\" \/>\n<script type=\"application\/ld+json\" class=\"yoast-schema-graph\">{\"@context\":\"https:\/\/schema.org\",\"@graph\":[{\"@type\":\"WebSite\",\"@id\":\"https:\/\/strategyintelgroup.com.mx\/site\/#website\",\"url\":\"https:\/\/strategyintelgroup.com.mx\/site\/\",\"name\":\"StrategyIntelGroup\",\"description\":\"Inteligencia Estrat\u00e9gica y Gesti\u00f3n Integral de Riesgos\",\"potentialAction\":[{\"@type\":\"SearchAction\",\"target\":{\"@type\":\"EntryPoint\",\"urlTemplate\":\"https:\/\/strategyintelgroup.com.mx\/site\/?s={search_term_string}\"},\"query-input\":\"required name=search_term_string\"}],\"inLanguage\":\"es\"},{\"@type\":\"WebPage\",\"@id\":\"https:\/\/strategyintelgroup.com.mx\/site\/servicios\/#webpage\",\"url\":\"https:\/\/strategyintelgroup.com.mx\/site\/servicios\/\",\"name\":\"SERVICIOS - StrategyIntelGroup\",\"isPartOf\":{\"@id\":\"https:\/\/strategyintelgroup.com.mx\/site\/#website\"},\"datePublished\":\"2022-12-03T23:20:00+00:00\",\"dateModified\":\"2022-12-05T06:32:28+00:00\",\"breadcrumb\":{\"@id\":\"https:\/\/strategyintelgroup.com.mx\/site\/servicios\/#breadcrumb\"},\"inLanguage\":\"es\",\"potentialAction\":[{\"@type\":\"ReadAction\",\"target\":[\"https:\/\/strategyintelgroup.com.mx\/site\/servicios\/\"]}]},{\"@type\":\"BreadcrumbList\",\"@id\":\"https:\/\/strategyintelgroup.com.mx\/site\/servicios\/#breadcrumb\",\"itemListElement\":[{\"@type\":\"ListItem\",\"position\":1,\"name\":\"Portada\",\"item\":\"https:\/\/strategyintelgroup.com.mx\/site\/\"},{\"@type\":\"ListItem\",\"position\":2,\"name\":\"SERVICIOS\"}]}]}<\/script>\n<!-- \/ Yoast SEO plugin. -->","yoast_head_json":{"title":"SERVICIOS - StrategyIntelGroup","robots":{"index":"index","follow":"follow","max-snippet":"max-snippet:-1","max-image-preview":"max-image-preview:large","max-video-preview":"max-video-preview:-1"},"canonical":"https:\/\/strategyintelgroup.com.mx\/site\/servicios\/","og_locale":"es_ES","og_type":"article","og_title":"SERVICIOS - StrategyIntelGroup","og_description":"GESTI\u00d3N DE RIESGO Es un enfoque estructurado para manejar la incertidumbre relativa a una amenaza, a trav\u00e9s de una secuencia","og_url":"https:\/\/strategyintelgroup.com.mx\/site\/servicios\/","og_site_name":"StrategyIntelGroup","article_modified_time":"2022-12-05T06:32:28+00:00","twitter_card":"summary_large_image","twitter_misc":{"Tiempo de lectura":"3 minutos"},"schema":{"@context":"https:\/\/schema.org","@graph":[{"@type":"WebSite","@id":"https:\/\/strategyintelgroup.com.mx\/site\/#website","url":"https:\/\/strategyintelgroup.com.mx\/site\/","name":"StrategyIntelGroup","description":"Inteligencia Estrat\u00e9gica y Gesti\u00f3n Integral de Riesgos","potentialAction":[{"@type":"SearchAction","target":{"@type":"EntryPoint","urlTemplate":"https:\/\/strategyintelgroup.com.mx\/site\/?s={search_term_string}"},"query-input":"required name=search_term_string"}],"inLanguage":"es"},{"@type":"WebPage","@id":"https:\/\/strategyintelgroup.com.mx\/site\/servicios\/#webpage","url":"https:\/\/strategyintelgroup.com.mx\/site\/servicios\/","name":"SERVICIOS - StrategyIntelGroup","isPartOf":{"@id":"https:\/\/strategyintelgroup.com.mx\/site\/#website"},"datePublished":"2022-12-03T23:20:00+00:00","dateModified":"2022-12-05T06:32:28+00:00","breadcrumb":{"@id":"https:\/\/strategyintelgroup.com.mx\/site\/servicios\/#breadcrumb"},"inLanguage":"es","potentialAction":[{"@type":"ReadAction","target":["https:\/\/strategyintelgroup.com.mx\/site\/servicios\/"]}]},{"@type":"BreadcrumbList","@id":"https:\/\/strategyintelgroup.com.mx\/site\/servicios\/#breadcrumb","itemListElement":[{"@type":"ListItem","position":1,"name":"Portada","item":"https:\/\/strategyintelgroup.com.mx\/site\/"},{"@type":"ListItem","position":2,"name":"SERVICIOS"}]}]}},"_links":{"self":[{"href":"https:\/\/strategyintelgroup.com.mx\/site\/wp-json\/wp\/v2\/pages\/183","targetHints":{"allow":["GET"]}}],"collection":[{"href":"https:\/\/strategyintelgroup.com.mx\/site\/wp-json\/wp\/v2\/pages"}],"about":[{"href":"https:\/\/strategyintelgroup.com.mx\/site\/wp-json\/wp\/v2\/types\/page"}],"author":[{"embeddable":true,"href":"https:\/\/strategyintelgroup.com.mx\/site\/wp-json\/wp\/v2\/users\/1"}],"replies":[{"embeddable":true,"href":"https:\/\/strategyintelgroup.com.mx\/site\/wp-json\/wp\/v2\/comments?post=183"}],"version-history":[{"count":5,"href":"https:\/\/strategyintelgroup.com.mx\/site\/wp-json\/wp\/v2\/pages\/183\/revisions"}],"predecessor-version":[{"id":560,"href":"https:\/\/strategyintelgroup.com.mx\/site\/wp-json\/wp\/v2\/pages\/183\/revisions\/560"}],"wp:attachment":[{"href":"https:\/\/strategyintelgroup.com.mx\/site\/wp-json\/wp\/v2\/media?parent=183"}],"curies":[{"name":"wp","href":"https:\/\/api.w.org\/{rel}","templated":true}]}}