{"id":285,"date":"2022-12-02T22:40:00","date_gmt":"2022-12-03T03:40:00","guid":{"rendered":"https:\/\/demo.themegrill.com\/colormag\/?page_id=285"},"modified":"2022-12-05T01:36:43","modified_gmt":"2022-12-05T06:36:43","slug":"contact-us","status":"publish","type":"page","link":"https:\/\/strategyintelgroup.com.mx\/site\/contact-us\/","title":{"rendered":"Contacto"},"content":{"rendered":"<p>Por favor diligencie este formulario para contactarnos:<\/p>\n<div class=\"everest-forms\"><div class=\"evf-container default\" id=\"evf-287\"><form id=\"evf-form-287\" class=\"everest-form\" data-formid=\"287\" data-ajax_submission=\"0\" method=\"post\" enctype=\"multipart\/form-data\" action=\"\/site\/wp-json\/wp\/v2\/pages\/285\"><div class=\"evf-field-container\"><input type=\"hidden\" id=\"_wpnonce\" name=\"_wpnonce\" value=\"52168574ed\" \/><input type=\"hidden\" name=\"_wp_http_referer\" value=\"\/site\/wp-json\/wp\/v2\/pages\/285\" \/><div class=\"evf-frontend-row\" data-row=\"row_1\"><div class=\"evf-frontend-grid evf-grid-1\" data-grid=\"grid_1\"><div id=\"evf-287-field_lVizlNhYus-1-container\" class=\"evf-field evf-field-text form-row validate-required\" data-required-field-message=\"Este campo es obligatorio.\" data-field-id=\"lVizlNhYus-1\"><label class=\"evf-field-label\" for=\"evf-287-field_lVizlNhYus-1\"><span class=\"evf-label\">Name<\/span> <abbr class=\"required\" title=\"Obligatorio\">*<\/abbr><\/label><input type=\"text\" id=\"evf-287-field_lVizlNhYus-1\" class=\"input-text\" name=\"everest_forms[form_fields][lVizlNhYus-1]\" required><\/div><div id=\"evf-287-field_XYnMdkQDKM-3-container\" class=\"evf-field evf-field-email form-row validate-required validate-email\" data-required-field-message=\"Por favor, usa una direcci\u00f3n de correo electr\u00f3nico v\u00e1lida.\" data-field-id=\"XYnMdkQDKM-3\"><label class=\"evf-field-label\" for=\"evf-287-field_XYnMdkQDKM-3\"><span class=\"evf-label\">Email<\/span> <abbr class=\"required\" title=\"Obligatorio\">*<\/abbr><\/label><input type=\"email\" id=\"evf-287-field_XYnMdkQDKM-3\" class=\"input-text\" name=\"everest_forms[form_fields][XYnMdkQDKM-3]\" required><\/div><div id=\"evf-287-field_xJivsqAS2c-2-container\" class=\"evf-field evf-field-text form-row validate-required\" data-required-field-message=\"Este campo es obligatorio.\" data-field-id=\"xJivsqAS2c-2\"><label class=\"evf-field-label\" for=\"evf-287-field_xJivsqAS2c-2\"><span class=\"evf-label\">Subject<\/span> <abbr class=\"required\" title=\"Obligatorio\">*<\/abbr><\/label><input type=\"text\" id=\"evf-287-field_xJivsqAS2c-2\" class=\"input-text\" name=\"everest_forms[form_fields][xJivsqAS2c-2]\" required><\/div><div id=\"evf-287-field_YalaPcQ0DO-4-container\" class=\"evf-field evf-field-textarea form-row\" data-field-id=\"YalaPcQ0DO-4\"><label class=\"evf-field-label\" for=\"evf-287-field_YalaPcQ0DO-4\"><span class=\"evf-label\">Message<\/span> <\/label><textarea id=\"evf-287-field_YalaPcQ0DO-4\" class=\"input-text\" name=\"everest_forms[form_fields][YalaPcQ0DO-4]\" ><\/textarea><\/div><\/div><\/div><\/div><div class=\"evf-submit-container \" ><input type=\"hidden\" name=\"everest_forms[id]\" value=\"287\"><input type=\"hidden\" name=\"everest_forms[author]\" value=\"1\"><button type='submit' name='everest_forms[submit]' class='everest-forms-submit-button button evf-submit ' id='evf-submit-287' value='evf-submit' data-process-text=\"Procesando...\" conditional_rules='\"\"' conditional_id='evf-submit-287' >Submit<\/button><\/div><\/form><\/div><!-- .evf-container --><\/div>\n","protected":false},"excerpt":{"rendered":"<p>Por favor diligencie este formulario para contactarnos:<\/p>\n","protected":false},"author":1,"featured_media":0,"parent":0,"menu_order":0,"comment_status":"closed","ping_status":"closed","template":"","meta":{"colormag_page_layout":"default_layout","footnotes":""},"class_list":["post-285","page","type-page","status-publish","hentry"],"yoast_head":"<!-- This site is optimized with the Yoast SEO plugin v19.1 - https:\/\/yoast.com\/wordpress\/plugins\/seo\/ -->\n<title>Contacto - StrategyIntelGroup<\/title>\n<meta name=\"robots\" content=\"index, follow, max-snippet:-1, max-image-preview:large, max-video-preview:-1\" \/>\n<link rel=\"canonical\" href=\"https:\/\/strategyintelgroup.com.mx\/site\/contact-us\/\" \/>\n<meta property=\"og:locale\" content=\"es_ES\" \/>\n<meta property=\"og:type\" content=\"article\" \/>\n<meta property=\"og:title\" content=\"Contacto - StrategyIntelGroup\" \/>\n<meta property=\"og:description\" content=\"Por favor diligencie este formulario para contactarnos:\" \/>\n<meta property=\"og:url\" content=\"https:\/\/strategyintelgroup.com.mx\/site\/contact-us\/\" \/>\n<meta property=\"og:site_name\" content=\"StrategyIntelGroup\" \/>\n<meta property=\"article:modified_time\" content=\"2022-12-05T06:36:43+00:00\" \/>\n<meta name=\"twitter:card\" content=\"summary_large_image\" \/>\n<meta name=\"twitter:label1\" content=\"Tiempo de lectura\" \/>\n\t<meta name=\"twitter:data1\" content=\"1 minuto\" \/>\n<script type=\"application\/ld+json\" class=\"yoast-schema-graph\">{\"@context\":\"https:\/\/schema.org\",\"@graph\":[{\"@type\":\"WebSite\",\"@id\":\"https:\/\/strategyintelgroup.com.mx\/site\/#website\",\"url\":\"https:\/\/strategyintelgroup.com.mx\/site\/\",\"name\":\"StrategyIntelGroup\",\"description\":\"Inteligencia Estrat\u00e9gica y Gesti\u00f3n Integral de Riesgos\",\"potentialAction\":[{\"@type\":\"SearchAction\",\"target\":{\"@type\":\"EntryPoint\",\"urlTemplate\":\"https:\/\/strategyintelgroup.com.mx\/site\/?s={search_term_string}\"},\"query-input\":\"required name=search_term_string\"}],\"inLanguage\":\"es\"},{\"@type\":\"WebPage\",\"@id\":\"https:\/\/strategyintelgroup.com.mx\/site\/contact-us\/#webpage\",\"url\":\"https:\/\/strategyintelgroup.com.mx\/site\/contact-us\/\",\"name\":\"Contacto - StrategyIntelGroup\",\"isPartOf\":{\"@id\":\"https:\/\/strategyintelgroup.com.mx\/site\/#website\"},\"datePublished\":\"2022-12-03T03:40:00+00:00\",\"dateModified\":\"2022-12-05T06:36:43+00:00\",\"breadcrumb\":{\"@id\":\"https:\/\/strategyintelgroup.com.mx\/site\/contact-us\/#breadcrumb\"},\"inLanguage\":\"es\",\"potentialAction\":[{\"@type\":\"ReadAction\",\"target\":[\"https:\/\/strategyintelgroup.com.mx\/site\/contact-us\/\"]}]},{\"@type\":\"BreadcrumbList\",\"@id\":\"https:\/\/strategyintelgroup.com.mx\/site\/contact-us\/#breadcrumb\",\"itemListElement\":[{\"@type\":\"ListItem\",\"position\":1,\"name\":\"Portada\",\"item\":\"https:\/\/strategyintelgroup.com.mx\/site\/\"},{\"@type\":\"ListItem\",\"position\":2,\"name\":\"Contacto\"}]}]}<\/script>\n<!-- \/ Yoast SEO plugin. -->","yoast_head_json":{"title":"Contacto - StrategyIntelGroup","robots":{"index":"index","follow":"follow","max-snippet":"max-snippet:-1","max-image-preview":"max-image-preview:large","max-video-preview":"max-video-preview:-1"},"canonical":"https:\/\/strategyintelgroup.com.mx\/site\/contact-us\/","og_locale":"es_ES","og_type":"article","og_title":"Contacto - StrategyIntelGroup","og_description":"Por favor diligencie este formulario para contactarnos:","og_url":"https:\/\/strategyintelgroup.com.mx\/site\/contact-us\/","og_site_name":"StrategyIntelGroup","article_modified_time":"2022-12-05T06:36:43+00:00","twitter_card":"summary_large_image","twitter_misc":{"Tiempo de lectura":"1 minuto"},"schema":{"@context":"https:\/\/schema.org","@graph":[{"@type":"WebSite","@id":"https:\/\/strategyintelgroup.com.mx\/site\/#website","url":"https:\/\/strategyintelgroup.com.mx\/site\/","name":"StrategyIntelGroup","description":"Inteligencia Estrat\u00e9gica y Gesti\u00f3n Integral de Riesgos","potentialAction":[{"@type":"SearchAction","target":{"@type":"EntryPoint","urlTemplate":"https:\/\/strategyintelgroup.com.mx\/site\/?s={search_term_string}"},"query-input":"required name=search_term_string"}],"inLanguage":"es"},{"@type":"WebPage","@id":"https:\/\/strategyintelgroup.com.mx\/site\/contact-us\/#webpage","url":"https:\/\/strategyintelgroup.com.mx\/site\/contact-us\/","name":"Contacto - StrategyIntelGroup","isPartOf":{"@id":"https:\/\/strategyintelgroup.com.mx\/site\/#website"},"datePublished":"2022-12-03T03:40:00+00:00","dateModified":"2022-12-05T06:36:43+00:00","breadcrumb":{"@id":"https:\/\/strategyintelgroup.com.mx\/site\/contact-us\/#breadcrumb"},"inLanguage":"es","potentialAction":[{"@type":"ReadAction","target":["https:\/\/strategyintelgroup.com.mx\/site\/contact-us\/"]}]},{"@type":"BreadcrumbList","@id":"https:\/\/strategyintelgroup.com.mx\/site\/contact-us\/#breadcrumb","itemListElement":[{"@type":"ListItem","position":1,"name":"Portada","item":"https:\/\/strategyintelgroup.com.mx\/site\/"},{"@type":"ListItem","position":2,"name":"Contacto"}]}]}},"_links":{"self":[{"href":"https:\/\/strategyintelgroup.com.mx\/site\/wp-json\/wp\/v2\/pages\/285","targetHints":{"allow":["GET"]}}],"collection":[{"href":"https:\/\/strategyintelgroup.com.mx\/site\/wp-json\/wp\/v2\/pages"}],"about":[{"href":"https:\/\/strategyintelgroup.com.mx\/site\/wp-json\/wp\/v2\/types\/page"}],"author":[{"embeddable":true,"href":"https:\/\/strategyintelgroup.com.mx\/site\/wp-json\/wp\/v2\/users\/1"}],"replies":[{"embeddable":true,"href":"https:\/\/strategyintelgroup.com.mx\/site\/wp-json\/wp\/v2\/comments?post=285"}],"version-history":[{"count":1,"href":"https:\/\/strategyintelgroup.com.mx\/site\/wp-json\/wp\/v2\/pages\/285\/revisions"}],"predecessor-version":[{"id":562,"href":"https:\/\/strategyintelgroup.com.mx\/site\/wp-json\/wp\/v2\/pages\/285\/revisions\/562"}],"wp:attachment":[{"href":"https:\/\/strategyintelgroup.com.mx\/site\/wp-json\/wp\/v2\/media?parent=285"}],"curies":[{"name":"wp","href":"https:\/\/api.w.org\/{rel}","templated":true}]}}